{"id":3117,"date":"2019-03-15T10:57:31","date_gmt":"2019-03-15T09:57:31","guid":{"rendered":"https:\/\/www.holodia.com\/?page_id=3117"},"modified":"2020-04-30T16:06:10","modified_gmt":"2020-04-30T14:06:10","slug":"customer-story-gram-gym","status":"publish","type":"page","link":"https:\/\/www.holodia.com\/fr\/why-holofit\/customer-story-gram-gym\/","title":{"rendered":"Customer story: GRAM Gym"},"content":{"rendered":"<p><div class=\"fusion-fullwidth fullwidth-box fusion-builder-row-1 nonhundred-percent-fullwidth non-hundred-percent-height-scrolling fusion-no-small-visibility\"  style='background-color: #ffffff;background-position: center center;background-repeat: no-repeat;padding-top:0px;padding-right:0px;padding-bottom:0px;padding-left:0px;'><div class=\"fusion-builder-row fusion-row\"><div  class=\"fusion-layout-column fusion_builder_column fusion_builder_column_1_1 fusion-builder-column-0 fusion-one-full fusion-column-first fusion-column-last 1_1\"  style='margin-top:0px;margin-bottom:0px;'><div class=\"fusion-column-wrapper\" style=\"padding: 0px 0px 0px 0px;background-position:left top;background-repeat:no-repeat;-webkit-background-size:cover;-moz-background-size:cover;-o-background-size:cover;background-size:cover;\"   data-bg-url=\"\"><style type=\"text\/css\">@media only screen and (max-width:800px) {.fusion-title.fusion-title-1{margin-top:10px!important;margin-bottom:10px!important;}}<\/style><div class=\"fusion-title title fusion-title-1 fusion-sep-none fusion-title-center fusion-title-text fusion-title-size-one\" style=\"margin-top:0px;margin-bottom:40px;\"><h1 class=\"title-heading-center\" style=\"margin:0;\"><h2><span style=\"font-weight: 400;\">Les comp\u00e9titions de HOLOFIT ont signifi\u00e9 une r\u00e9tention des membres plus \u00e9lev\u00e9e que jamais!<\/span><\/h2><\/h1><\/div><div class=\"fusion-clearfix\"><\/div><\/div><\/div><\/div><\/div><div class=\"fusion-fullwidth fullwidth-box fusion-builder-row-2 nonhundred-percent-fullwidth non-hundred-percent-height-scrolling fusion-no-small-visibility\"  style='background-color: #ffffff;background-position: center center;background-repeat: no-repeat;padding-top:0px;padding-right:0px;padding-bottom:0px;padding-left:0px;'><div class=\"fusion-builder-row fusion-row\"><div  class=\"fusion-layout-column fusion_builder_column fusion_builder_column_1_3 fusion-builder-column-1 fusion-one-third fusion-column-first 1_3\"  style='margin-top:0px;margin-bottom:20px;width:33.33%;width:calc(33.33% - ( ( 4% ) * 0.3333 ) );margin-right: 4%;'><div class=\"fusion-column-wrapper\" style=\"padding: 0px 0px 0px 0px;background-position:left top;background-repeat:no-repeat;-webkit-background-size:cover;-moz-background-size:cover;-o-background-size:cover;background-size:cover;\"   data-bg-url=\"\"><div class=\"imageframe-align-center\"><span class=\"fusion-imageframe imageframe-none imageframe-1 hover-type-none\"><img loading=\"lazy\" decoding=\"async\" src=\"https:\/\/www.holodia.com\/wp-content\/uploads\/2019\/03\/gram-gym-tokyo.jpg\" width=\"2942\" height=\"1425\" alt=\"GRAM Gym in Tokyo\" title=\"gram-gym-tokyo\" class=\"img-responsive wp-image-3118\" srcset=\"https:\/\/www.holodia.com\/wp-content\/uploads\/2019\/03\/gram-gym-tokyo-200x97.jpg 200w, https:\/\/www.holodia.com\/wp-content\/uploads\/2019\/03\/gram-gym-tokyo-400x194.jpg 400w, https:\/\/www.holodia.com\/wp-content\/uploads\/2019\/03\/gram-gym-tokyo-600x291.jpg 600w, https:\/\/www.holodia.com\/wp-content\/uploads\/2019\/03\/gram-gym-tokyo-800x387.jpg 800w, https:\/\/www.holodia.com\/wp-content\/uploads\/2019\/03\/gram-gym-tokyo-1200x581.jpg 1200w, https:\/\/www.holodia.com\/wp-content\/uploads\/2019\/03\/gram-gym-tokyo.jpg 2942w\" sizes=\"(max-width: 800px) 100vw, 400px\" \/><\/span><\/div><br>\n<br><span class=\"fusion-imageframe imageframe-none imageframe-2 hover-type-none\"><img loading=\"lazy\" decoding=\"async\" src=\"https:\/\/www.holodia.com\/wp-content\/uploads\/2019\/03\/holofit-in-gram-gym-tokyo.jpg\" width=\"1500\" height=\"1000\" alt=\"VR Fitness in GRAM Gym, Tokyo\" title=\"holofit-in-gram-gym-tokyo\" class=\"img-responsive wp-image-3119\" srcset=\"https:\/\/www.holodia.com\/wp-content\/uploads\/2019\/03\/holofit-in-gram-gym-tokyo-200x133.jpg 200w, https:\/\/www.holodia.com\/wp-content\/uploads\/2019\/03\/holofit-in-gram-gym-tokyo-400x267.jpg 400w, https:\/\/www.holodia.com\/wp-content\/uploads\/2019\/03\/holofit-in-gram-gym-tokyo-600x400.jpg 600w, https:\/\/www.holodia.com\/wp-content\/uploads\/2019\/03\/holofit-in-gram-gym-tokyo-800x533.jpg 800w, https:\/\/www.holodia.com\/wp-content\/uploads\/2019\/03\/holofit-in-gram-gym-tokyo-1200x800.jpg 1200w, https:\/\/www.holodia.com\/wp-content\/uploads\/2019\/03\/holofit-in-gram-gym-tokyo.jpg 1500w\" sizes=\"(max-width: 800px) 100vw, 400px\" \/><\/span><div class=\"fusion-clearfix\"><\/div><\/div><\/div><div  class=\"fusion-layout-column fusion_builder_column fusion_builder_column_2_3 fusion-builder-column-2 fusion-two-third fusion-column-last 2_3\"  style='margin-top:0px;margin-bottom:20px;width:66.66%;width:calc(66.66% - ( ( 4% ) * 0.6666 ) );'><div class=\"fusion-column-wrapper\" style=\"padding: 0px 0px 0px 0px;background-position:left top;background-repeat:no-repeat;-webkit-background-size:cover;-moz-background-size:cover;-o-background-size:cover;background-size:cover;\"   data-bg-url=\"\"><div class=\"fusion-text fusion-no-small-visibility\"><p><span style=\"font-weight: 400;\">Le Gram gym Tokyo, est une salle de sport haut de gamme dans le centre-ville de Tokyo, avec plus de 4000 membres. Ils ont ajout\u00e9 le HOLOFIT \u00e0 leur salle cardio en f\u00e9vrier de 2018 comme un outil de mon\u00e9tisation et de r\u00e9tention.<\/span><\/p>\n<p><span style=\"font-weight: 400;\">N'importe quelle personne dans le milieu peut vous dire que l'un des probl\u00e8mes majeurs des centres de sport est la r\u00e9tention des membres. C'\u00e9tait la m\u00eame histoire pour notre salle de sport. <\/span><\/p>\n<p><span style=\"font-weight: 400;\">En pensant comment r\u00e9soudre ce probl\u00e8me, nous avons d\u00e9cid\u00e9 de tester si un meilleur engagement des membres pourrait avoir des effets positifs sur la r\u00e9tention des membres. <\/span><\/p>\n<p><span style=\"font-weight: 400;\">Pour engager nos membres, nous avons exploit\u00e9 la nature humaine comp\u00e9titive. Nous avons commenc\u00e9 \u00e0 organiser des comp\u00e9titions avec un petit nombre de membres et les gens semblaient vraiment les aimer. <\/span><\/p>\n<p><span style=\"font-weight: 400;\">Cependant, nous nous sommes rendus compte que pour vraiment profiter de ce potentiel, nous avions besoin de quelque chose d'assez int\u00e9ressant pour que les membres se joignent, et quelque chose qu'ils pouvaient faire individuellement et quand ils le voulaient, plut\u00f4t que d'avoir \u00e0 organiser des comp\u00e9titions o\u00f9 le nombre de membres participants serait assez bas pour des raisons \u00e9videntes. <\/span><\/p>\n<p><span style=\"font-weight: 400;\">Le HOLOFIT a fonctionn\u00e9 parfaitement pour nous. Nous utilisons l'\u00e9cran disponible \u00e0 la r\u00e9ception pour afficher le classement et les actualit\u00e9s hebdomadaires, et nous en avons \u00e9galement ajout\u00e9 un autre  \u00e9cran dans la zone d'innovation HOLOFIT. <\/span><\/p>\n<p><span style=\"font-weight: 400;\">Non seulement les membres sont plus engag\u00e9s, mais ils sont tellement excit\u00e9s qu'ils se rassemblent pour s\u2019encourager. J'ai le sentiment que notre communaut\u00e9 commence vraiment \u00e0 se former! <\/span><\/p>\n<p><span style=\"font-weight: 400;\">Inutile de dire que nos taux de r\u00e9tention n'ont pas \u00e9t\u00e9 aussi \u00e9lev\u00e9s depuis tr\u00e8s longtemps!<\/span><\/p>\n<p style=\"text-align: right;\">&#8211; <a href=\"https:\/\/www.facebook.com\/holodiavr\/\">GRAM Gym<\/a>, Tokyo<\/p>\n<\/div><div class=\"fusion-clearfix\"><\/div><\/div><\/div><\/div><\/div><div class=\"fusion-fullwidth fullwidth-box fusion-builder-row-3 nonhundred-percent-fullwidth non-hundred-percent-height-scrolling fusion-no-medium-visibility fusion-no-large-visibility\"  style='background-color: #ffffff;background-position: center center;background-repeat: no-repeat;padding-top:0px;padding-right:0px;padding-bottom:0px;padding-left:0px;'><div class=\"fusion-builder-row fusion-row\"><div  class=\"fusion-layout-column fusion_builder_column fusion_builder_column_1_1 fusion-builder-column-3 fusion-one-full fusion-column-first fusion-column-last 1_1\"  style='margin-top:0px;margin-bottom:0px;'><div class=\"fusion-column-wrapper\" style=\"padding: 0px 0px 0px 0px;background-position:left top;background-repeat:no-repeat;-webkit-background-size:cover;-moz-background-size:cover;-o-background-size:cover;background-size:cover;\"   data-bg-url=\"\"><style type=\"text\/css\">@media only screen and (max-width:800px) {.fusion-title.fusion-title-2{margin-top:10px!important;margin-bottom:10px!important;}}<\/style><div class=\"fusion-title title fusion-title-2 fusion-sep-none fusion-title-center fusion-title-text fusion-title-size-one\" style=\"margin-top:0px;margin-bottom:40px;\"><h1 class=\"title-heading-center\" style=\"margin:0;\"><h2><span style=\"font-weight: 400;\">Les comp\u00e9titions de HOLOFIT ont signifi\u00e9 une r\u00e9tention des membres plus \u00e9lev\u00e9e que jamais!<\/span><\/h2><\/h1><\/div><div class=\"fusion-clearfix\"><\/div><\/div><\/div><\/div><\/div><div class=\"fusion-fullwidth fullwidth-box fusion-builder-row-4 nonhundred-percent-fullwidth non-hundred-percent-height-scrolling fusion-no-medium-visibility fusion-no-large-visibility\"  style='background-color: #ffffff;background-position: center center;background-repeat: no-repeat;padding-top:0px;padding-right:0px;padding-bottom:0px;padding-left:0px;'><div class=\"fusion-builder-row fusion-row\"><div  class=\"fusion-layout-column fusion_builder_column fusion_builder_column_1_1 fusion-builder-column-4 fusion-one-full fusion-column-first fusion-column-last 1_1\"  style='margin-top:0px;margin-bottom:20px;'><div class=\"fusion-column-wrapper\" style=\"padding: 0px 0px 0px 0px;background-position:left top;background-repeat:no-repeat;-webkit-background-size:cover;-moz-background-size:cover;-o-background-size:cover;background-size:cover;\"   data-bg-url=\"\"><div class=\"imageframe-align-center\"><span class=\"fusion-imageframe imageframe-none imageframe-3 hover-type-none\"><img loading=\"lazy\" decoding=\"async\" src=\"https:\/\/www.holodia.com\/wp-content\/uploads\/2019\/03\/gram-gym-tokyo.jpg\" width=\"2942\" height=\"1425\" alt=\"GRAM Gym in Tokyo\" title=\"gram-gym-tokyo\" class=\"img-responsive wp-image-3118\" srcset=\"https:\/\/www.holodia.com\/wp-content\/uploads\/2019\/03\/gram-gym-tokyo-200x97.jpg 200w, https:\/\/www.holodia.com\/wp-content\/uploads\/2019\/03\/gram-gym-tokyo-400x194.jpg 400w, https:\/\/www.holodia.com\/wp-content\/uploads\/2019\/03\/gram-gym-tokyo-600x291.jpg 600w, https:\/\/www.holodia.com\/wp-content\/uploads\/2019\/03\/gram-gym-tokyo-800x387.jpg 800w, https:\/\/www.holodia.com\/wp-content\/uploads\/2019\/03\/gram-gym-tokyo-1200x581.jpg 1200w, https:\/\/www.holodia.com\/wp-content\/uploads\/2019\/03\/gram-gym-tokyo.jpg 2942w\" sizes=\"(max-width: 800px) 100vw, 1200px\" \/><\/span><\/div><div class=\"fusion-clearfix\"><\/div><\/div><\/div><div  class=\"fusion-layout-column fusion_builder_column fusion_builder_column_1_1 fusion-builder-column-5 fusion-one-full fusion-column-first fusion-column-last 1_1\"  style='margin-top:0px;margin-bottom:20px;'><div class=\"fusion-column-wrapper\" style=\"padding: 0px 0px 0px 0px;background-position:left top;background-repeat:no-repeat;-webkit-background-size:cover;-moz-background-size:cover;-o-background-size:cover;background-size:cover;\"   data-bg-url=\"\"><div class=\"fusion-text\"><p><span style=\"font-weight: 400;\">Le Gram gym Tokyo, est une salle de sport haut de gamme dans le centre-ville de Tokyo, avec plus de 4000 membres. Ils ont ajout\u00e9 le HOLOFIT \u00e0 leur salle cardio en f\u00e9vrier de 2018 comme un outil de mon\u00e9tisation et de r\u00e9tention.<\/span><\/p>\n<p><span style=\"font-weight: 400;\">N'importe quelle personne dans le milieu peut vous dire que l'un des probl\u00e8mes majeurs des centres de sport est la r\u00e9tention des membres. C'\u00e9tait la m\u00eame histoire pour notre salle de sport. <\/span><\/p>\n<p><span style=\"font-weight: 400;\">En pensant comment r\u00e9soudre ce probl\u00e8me, nous avons d\u00e9cid\u00e9 de tester si un meilleur engagement des membres pourrait avoir des effets positifs sur la r\u00e9tention des membres. <\/span><\/p>\n<p><span style=\"font-weight: 400;\">Pour engager nos membres, nous avons exploit\u00e9 la nature humaine comp\u00e9titive. Nous avons commenc\u00e9 \u00e0 organiser des comp\u00e9titions avec un petit nombre de membres et les gens semblaient vraiment les aimer. <\/span><\/p>\n<p><span style=\"font-weight: 400;\">Cependant, nous nous sommes rendus compte que pour vraiment profiter de ce potentiel, nous avions besoin de quelque chose d'assez int\u00e9ressant pour que les membres se joignent, et quelque chose qu'ils pouvaient faire individuellement et quand ils le voulaient, plut\u00f4t que d'avoir \u00e0 organiser des comp\u00e9titions o\u00f9 le nombre de membres participants serait assez bas pour des raisons \u00e9videntes. <\/span><\/p>\n<p><span style=\"font-weight: 400;\">Le HOLOFIT a fonctionn\u00e9 parfaitement pour nous. Nous utilisons l'\u00e9cran disponible \u00e0 la r\u00e9ception pour afficher le classement et les actualit\u00e9s hebdomadaires, et nous en avons \u00e9galement ajout\u00e9 un autre  \u00e9cran dans la zone d'innovation HOLOFIT. <\/span><\/p>\n<p><span style=\"font-weight: 400;\">Non seulement les membres sont plus engag\u00e9s, mais ils sont tellement excit\u00e9s qu'ils se rassemblent pour s\u2019encourager. J'ai le sentiment que notre communaut\u00e9 commence vraiment \u00e0 se former! <\/span><\/p>\n<p><span style=\"font-weight: 400;\">Inutile de dire que nos taux de r\u00e9tention n'ont pas \u00e9t\u00e9 aussi \u00e9lev\u00e9s depuis tr\u00e8s longtemps!<\/span><\/p>\n<p style=\"text-align: right;\">&#8211; <a href=\"https:\/\/www.facebook.com\/holodiavr\/\">GRAM Gym<\/a>, Tokyo<\/p>\n<\/div><span class=\"fusion-imageframe imageframe-none imageframe-4 hover-type-none\"><img loading=\"lazy\" decoding=\"async\" src=\"https:\/\/www.holodia.com\/wp-content\/uploads\/2019\/03\/holofit-in-gram-gym-tokyo.jpg\" width=\"1500\" height=\"1000\" alt=\"VR Fitness in GRAM Gym, Tokyo\" title=\"holofit-in-gram-gym-tokyo\" class=\"img-responsive wp-image-3119\" srcset=\"https:\/\/www.holodia.com\/wp-content\/uploads\/2019\/03\/holofit-in-gram-gym-tokyo-200x133.jpg 200w, https:\/\/www.holodia.com\/wp-content\/uploads\/2019\/03\/holofit-in-gram-gym-tokyo-400x267.jpg 400w, https:\/\/www.holodia.com\/wp-content\/uploads\/2019\/03\/holofit-in-gram-gym-tokyo-600x400.jpg 600w, https:\/\/www.holodia.com\/wp-content\/uploads\/2019\/03\/holofit-in-gram-gym-tokyo-800x533.jpg 800w, https:\/\/www.holodia.com\/wp-content\/uploads\/2019\/03\/holofit-in-gram-gym-tokyo-1200x800.jpg 1200w, https:\/\/www.holodia.com\/wp-content\/uploads\/2019\/03\/holofit-in-gram-gym-tokyo.jpg 1500w\" sizes=\"(max-width: 800px) 100vw, 1200px\" \/><\/span><div class=\"fusion-clearfix\"><\/div><\/div><\/div><\/div><\/div><\/p>","protected":false},"excerpt":{"rendered":"","protected":false},"author":3,"featured_media":0,"parent":2335,"menu_order":0,"comment_status":"closed","ping_status":"closed","template":"100-width.php","meta":{"om_disable_all_campaigns":false,"_monsterinsights_skip_tracking":false,"_monsterinsights_sitenote_active":false,"_monsterinsights_sitenote_note":"","_monsterinsights_sitenote_category":0,"footnotes":""},"yoast_head":"<!-- This site is optimized with the Yoast SEO plugin v21.7 - https:\/\/yoast.com\/wordpress\/plugins\/seo\/ -->\n<title>Customer story: GRAM Gym - HOLOFIT by Holodia<\/title>\n<meta name=\"robots\" content=\"index, follow, max-snippet:-1, max-image-preview:large, max-video-preview:-1\" \/>\n<link rel=\"canonical\" href=\"https:\/\/www.holodia.com\/fr\/why-holofit\/customer-story-gram-gym\/\" \/>\n<meta property=\"og:locale\" content=\"fr_FR\" \/>\n<meta property=\"og:type\" content=\"article\" \/>\n<meta property=\"og:title\" content=\"Customer story: GRAM Gym - HOLOFIT by Holodia\" \/>\n<meta property=\"og:url\" content=\"https:\/\/www.holodia.com\/fr\/why-holofit\/customer-story-gram-gym\/\" \/>\n<meta property=\"og:site_name\" content=\"HOLOFIT by Holodia\" \/>\n<meta property=\"article:publisher\" content=\"https:\/\/www.facebook.com\/holodiavr\/\" \/>\n<meta property=\"article:modified_time\" content=\"2020-04-30T14:06:10+00:00\" \/>\n<meta name=\"twitter:card\" content=\"summary_large_image\" \/>\n<meta name=\"twitter:site\" content=\"@holodiavr\" \/>\n<meta name=\"twitter:label1\" content=\"Dur\u00e9e de lecture estim\u00e9e\" \/>\n\t<meta name=\"twitter:data1\" content=\"9 minutes\" \/>\n<script type=\"application\/ld+json\" class=\"yoast-schema-graph\">{\"@context\":\"https:\/\/schema.org\",\"@graph\":[{\"@type\":\"WebPage\",\"@id\":\"https:\/\/www.holodia.com\/why-holofit\/customer-story-gram-gym\/\",\"url\":\"https:\/\/www.holodia.com\/why-holofit\/customer-story-gram-gym\/\",\"name\":\"Customer story: GRAM Gym - HOLOFIT by Holodia\",\"isPartOf\":{\"@id\":\"https:\/\/www.holodia.com\/#website\"},\"datePublished\":\"2019-03-15T09:57:31+00:00\",\"dateModified\":\"2020-04-30T14:06:10+00:00\",\"breadcrumb\":{\"@id\":\"https:\/\/www.holodia.com\/why-holofit\/customer-story-gram-gym\/#breadcrumb\"},\"inLanguage\":\"fr-FR\",\"potentialAction\":[{\"@type\":\"ReadAction\",\"target\":[\"https:\/\/www.holodia.com\/why-holofit\/customer-story-gram-gym\/\"]}]},{\"@type\":\"BreadcrumbList\",\"@id\":\"https:\/\/www.holodia.com\/why-holofit\/customer-story-gram-gym\/#breadcrumb\",\"itemListElement\":[{\"@type\":\"ListItem\",\"position\":1,\"name\":\"Home\",\"item\":\"https:\/\/www.holodia.com\/\"},{\"@type\":\"ListItem\",\"position\":2,\"name\":\"WHY HOLOFIT\",\"item\":\"https:\/\/www.holodia.com\/why-holofit\/\"},{\"@type\":\"ListItem\",\"position\":3,\"name\":\"Customer story: GRAM Gym\"}]},{\"@type\":\"WebSite\",\"@id\":\"https:\/\/www.holodia.com\/#website\",\"url\":\"https:\/\/www.holodia.com\/\",\"name\":\"HOLOFIT by Holodia\",\"description\":\"The most advanced VR Fitness platform\",\"potentialAction\":[{\"@type\":\"SearchAction\",\"target\":{\"@type\":\"EntryPoint\",\"urlTemplate\":\"https:\/\/www.holodia.com\/?s={search_term_string}\"},\"query-input\":\"required name=search_term_string\"}],\"inLanguage\":\"fr-FR\"}]}<\/script>\n<!-- \/ Yoast SEO plugin. -->","yoast_head_json":{"title":"Customer story: GRAM Gym - HOLOFIT by Holodia","robots":{"index":"index","follow":"follow","max-snippet":"max-snippet:-1","max-image-preview":"max-image-preview:large","max-video-preview":"max-video-preview:-1"},"canonical":"https:\/\/www.holodia.com\/fr\/why-holofit\/customer-story-gram-gym\/","og_locale":"fr_FR","og_type":"article","og_title":"Customer story: GRAM Gym - HOLOFIT by Holodia","og_url":"https:\/\/www.holodia.com\/fr\/why-holofit\/customer-story-gram-gym\/","og_site_name":"HOLOFIT by Holodia","article_publisher":"https:\/\/www.facebook.com\/holodiavr\/","article_modified_time":"2020-04-30T14:06:10+00:00","twitter_card":"summary_large_image","twitter_site":"@holodiavr","twitter_misc":{"Dur\u00e9e de lecture estim\u00e9e":"9 minutes"},"schema":{"@context":"https:\/\/schema.org","@graph":[{"@type":"WebPage","@id":"https:\/\/www.holodia.com\/why-holofit\/customer-story-gram-gym\/","url":"https:\/\/www.holodia.com\/why-holofit\/customer-story-gram-gym\/","name":"Customer story: GRAM Gym - HOLOFIT by Holodia","isPartOf":{"@id":"https:\/\/www.holodia.com\/#website"},"datePublished":"2019-03-15T09:57:31+00:00","dateModified":"2020-04-30T14:06:10+00:00","breadcrumb":{"@id":"https:\/\/www.holodia.com\/why-holofit\/customer-story-gram-gym\/#breadcrumb"},"inLanguage":"fr-FR","potentialAction":[{"@type":"ReadAction","target":["https:\/\/www.holodia.com\/why-holofit\/customer-story-gram-gym\/"]}]},{"@type":"BreadcrumbList","@id":"https:\/\/www.holodia.com\/why-holofit\/customer-story-gram-gym\/#breadcrumb","itemListElement":[{"@type":"ListItem","position":1,"name":"Home","item":"https:\/\/www.holodia.com\/"},{"@type":"ListItem","position":2,"name":"WHY HOLOFIT","item":"https:\/\/www.holodia.com\/why-holofit\/"},{"@type":"ListItem","position":3,"name":"Customer story: GRAM Gym"}]},{"@type":"WebSite","@id":"https:\/\/www.holodia.com\/#website","url":"https:\/\/www.holodia.com\/","name":"HOLOFIT by Holodia","description":"The most advanced VR Fitness platform","potentialAction":[{"@type":"SearchAction","target":{"@type":"EntryPoint","urlTemplate":"https:\/\/www.holodia.com\/?s={search_term_string}"},"query-input":"required name=search_term_string"}],"inLanguage":"fr-FR"}]}},"_links":{"self":[{"href":"https:\/\/www.holodia.com\/fr\/wp-json\/wp\/v2\/pages\/3117"}],"collection":[{"href":"https:\/\/www.holodia.com\/fr\/wp-json\/wp\/v2\/pages"}],"about":[{"href":"https:\/\/www.holodia.com\/fr\/wp-json\/wp\/v2\/types\/page"}],"author":[{"embeddable":true,"href":"https:\/\/www.holodia.com\/fr\/wp-json\/wp\/v2\/users\/3"}],"replies":[{"embeddable":true,"href":"https:\/\/www.holodia.com\/fr\/wp-json\/wp\/v2\/comments?post=3117"}],"version-history":[{"count":6,"href":"https:\/\/www.holodia.com\/fr\/wp-json\/wp\/v2\/pages\/3117\/revisions"}],"predecessor-version":[{"id":4331,"href":"https:\/\/www.holodia.com\/fr\/wp-json\/wp\/v2\/pages\/3117\/revisions\/4331"}],"up":[{"embeddable":true,"href":"https:\/\/www.holodia.com\/fr\/wp-json\/wp\/v2\/pages\/2335"}],"wp:attachment":[{"href":"https:\/\/www.holodia.com\/fr\/wp-json\/wp\/v2\/media?parent=3117"}],"curies":[{"name":"wp","href":"https:\/\/api.w.org\/{rel}","templated":true}]}}